{"id":162,"date":"2020-01-08T09:11:24","date_gmt":"2020-01-08T09:11:24","guid":{"rendered":"https:\/\/twojparasol.com\/?page_id=162"},"modified":"2020-01-08T09:32:03","modified_gmt":"2020-01-08T09:32:03","slug":"jusu-sketis-mobilioji-programa","status":"publish","type":"page","link":"https:\/\/twojparasol.com\/?page_id=162&lang=lt","title":{"rendered":"J\u016bs\u0173 Sk\u0117tis &#8211; mobilioji programa"},"content":{"rendered":"\t\t<div data-elementor-type=\"wp-page\" data-elementor-id=\"162\" class=\"elementor elementor-162\" data-elementor-settings=\"[]\">\n\t\t\t<div class=\"elementor-inner\">\n\t\t\t\t<div class=\"elementor-section-wrap\">\n\t\t\t\t\t\t\t<section class=\"elementor-element elementor-element-7513ff6 elementor-section-boxed elementor-section-height-default elementor-section-height-default elementor-section elementor-top-section\" data-id=\"7513ff6\" data-element_type=\"section\">\n\t\t\t\t\t\t<div class=\"elementor-container elementor-column-gap-default\">\n\t\t\t\t<div class=\"elementor-row\">\n\t\t\t\t<div class=\"elementor-element elementor-element-87c2f46 elementor-column elementor-col-50 elementor-top-column\" data-id=\"87c2f46\" data-element_type=\"column\">\n\t\t\t<div class=\"elementor-column-wrap  elementor-element-populated\">\n\t\t\t\t\t<div class=\"elementor-widget-wrap\">\n\t\t\t\t<div class=\"elementor-element elementor-element-e66df82 elementor-widget elementor-widget-text-editor\" data-id=\"e66df82\" data-element_type=\"widget\" data-widget_type=\"text-editor.default\">\n\t\t\t\t<div class=\"elementor-widget-container\">\n\t\t\t\t\t<div class=\"elementor-text-editor elementor-clearfix\"><p>J\u016bs\u0173 sk\u0117tis yra mobilioji programa, kurios d\u0117ka \u017emon\u0117s, susid\u016br\u0119 su smurtu \u0161eimoje, gali gauti palaikym\u0105 ir informacij\u0105. Be mokomosios med\u017eiagos, programa suteikia prieig\u0105 prie param\u0105 teikian\u010di\u0173 organizacij\u0173 duomen\u0173 bazi\u0173.<\/p><p>Programa taip pat leid\u017eia si\u0173sti informacij\u0105 apie smurtinius \u012fvykius, kad b\u016bt\u0173 galima v\u0117liau naudoti, ir galimyb\u0117 susisiekti su anks\u010diau sukonfig\u016bruotu el. Pa\u0161to adresu arba galimyb\u0117 greitai surinkti pagalbos telefon\u0105.<\/p><p>Siekiant u\u017etikrinti programos pasirinkim\u0105 &#8211; oficiali programos dalis yra or\u0173 duomen\u0173, susijusi\u0173 su vieta, santrauka. J\u016bs\u0173 sk\u0117tis yra mobilioji programa, kurios d\u0117ka \u017emon\u0117s, susid\u016br\u0119 su smurtu \u0161eimoje, gali gauti palaikym\u0105 ir informacij\u0105. Be mokomosios med\u017eiagos, programa suteikia prieig\u0105 prie param\u0105 teikian\u010di\u0173 organizacij\u0173 duomen\u0173 bazi\u0173.<\/p><p>Programa taip pat leid\u017eia si\u0173sti informacij\u0105 apie smurtinius \u012fvykius, kad b\u016bt\u0173 galima v\u0117liau naudoti, ir galimyb\u0117 susisiekti su anks\u010diau sukonfig\u016bruotu el. Pa\u0161to adresu arba galimyb\u0117 greitai surinkti pagalbos telefon\u0105.<\/p><p>Siekiant u\u017etikrinti programos pasirinkim\u0105 &#8211; oficiali programos dalis yra or\u0173 duomen\u0173, susijusi\u0173 su vieta, santrauka.<\/p><\/div>\n\t\t\t\t<\/div>\n\t\t\t\t<\/div>\n\t\t\t\t<div class=\"elementor-element elementor-element-27b1d0d elementor-widget elementor-widget-alert\" data-id=\"27b1d0d\" data-element_type=\"widget\" data-widget_type=\"alert.default\">\n\t\t\t\t<div class=\"elementor-widget-container\">\n\t\t\t\t\t<div class=\"elementor-alert elementor-alert-warning\" role=\"alert\">\n\t\t\t<span class=\"elementor-alert-title\">Prie\u0161 naudodamiesi programa, perskaitykite <a href=\"https:\/\/twojparasol.com\/wp-content\/uploads\/2019\/11\/Tw\u00f3j-Parasol-Regulamin-EN.pdf\">taisykles<\/a>. <\/span>\n\t\t\t\t\t\t\t\t\t\t<button type=\"button\" class=\"elementor-alert-dismiss\">\n\t\t\t\t\t<span aria-hidden=\"true\">&times;<\/span>\n\t\t\t\t\t<span class=\"elementor-screen-only\">Odrzu\u0107 alert<\/span>\n\t\t\t\t<\/button>\n\t\t\t\t\t<\/div>\n\t\t\t\t<\/div>\n\t\t\t\t<\/div>\n\t\t\t\t<div class=\"elementor-element elementor-element-4a4bace elementor-aspect-ratio-43 elementor-widget elementor-widget-video\" data-id=\"4a4bace\" data-element_type=\"widget\" data-settings=\"{&quot;aspect_ratio&quot;:&quot;43&quot;}\" data-widget_type=\"video.default\">\n\t\t\t\t<div class=\"elementor-widget-container\">\n\t\t\t\t\t<div class=\"elementor-wrapper elementor-fit-aspect-ratio elementor-open-inline\">\n\t\t\t\t\t<video class=\"elementor-video\" src=\"https:\/\/twojparasol.com\/wp-content\/uploads\/2020\/01\/tutorial_lt.mp4\" controls=\"\" controlsList=\"nodownload\"><\/video>\n\t\t\t\t<\/div>\n\t\t\t\t<\/div>\n\t\t\t\t<\/div>\n\t\t\t\t\t\t<\/div>\n\t\t\t<\/div>\n\t\t<\/div>\n\t\t\t\t<div class=\"elementor-element elementor-element-402be4c elementor-column elementor-col-50 elementor-top-column\" data-id=\"402be4c\" data-element_type=\"column\">\n\t\t\t<div class=\"elementor-column-wrap  elementor-element-populated\">\n\t\t\t\t\t<div class=\"elementor-widget-wrap\">\n\t\t\t\t<div class=\"elementor-element elementor-element-7798d9c elementor-widget elementor-widget-image\" data-id=\"7798d9c\" data-element_type=\"widget\" data-widget_type=\"image.default\">\n\t\t\t\t<div class=\"elementor-widget-container\">\n\t\t\t\t\t<div class=\"elementor-image\">\n\t\t\t\t\t\t\t\t\t\t<img width=\"224\" height=\"431\" src=\"https:\/\/twojparasol.com\/wp-content\/uploads\/2019\/11\/logo-parasol-e1573238868624.png\" class=\"attachment-large size-large\" alt=\"\" decoding=\"async\" loading=\"lazy\" srcset=\"https:\/\/twojparasol.com\/wp-content\/uploads\/2019\/11\/logo-parasol-e1573238868624.png 224w, https:\/\/twojparasol.com\/wp-content\/uploads\/2019\/11\/logo-parasol-e1573238868624-156x300.png 156w\" sizes=\"(max-width: 224px) 100vw, 224px\" \/>\t\t\t\t\t\t\t\t\t\t\t<\/div>\n\t\t\t\t<\/div>\n\t\t\t\t<\/div>\n\t\t\t\t<div class=\"elementor-element elementor-element-b6b4d8a elementor-widget elementor-widget-heading\" data-id=\"b6b4d8a\" data-element_type=\"widget\" data-widget_type=\"heading.default\">\n\t\t\t\t<div class=\"elementor-widget-container\">\n\t\t\t<h4 class=\"elementor-heading-title elementor-size-default\">Parsisi\u0173sti:<\/h4>\t\t<\/div>\n\t\t\t\t<\/div>\n\t\t\t\t<div class=\"elementor-element elementor-element-9e845ed elementor-widget elementor-widget-image\" data-id=\"9e845ed\" data-element_type=\"widget\" data-widget_type=\"image.default\">\n\t\t\t\t<div class=\"elementor-widget-container\">\n\t\t\t\t\t<div class=\"elementor-image\">\n\t\t\t\t\t\t\t\t\t\t\t<a data-elementor-open-lightbox=\"\" href=\"https:\/\/play.google.com\/store\/apps\/details?id=com.twojparasol\">\n\t\t\t\t\t\t\t<img width=\"300\" height=\"91\" src=\"https:\/\/twojparasol.com\/wp-content\/uploads\/2019\/11\/android-300x91.png\" class=\"attachment-medium size-medium\" alt=\"\" decoding=\"async\" loading=\"lazy\" srcset=\"https:\/\/twojparasol.com\/wp-content\/uploads\/2019\/11\/android-300x91.png 300w, https:\/\/twojparasol.com\/wp-content\/uploads\/2019\/11\/android-230x70.png 230w, https:\/\/twojparasol.com\/wp-content\/uploads\/2019\/11\/android-350x106.png 350w, https:\/\/twojparasol.com\/wp-content\/uploads\/2019\/11\/android.png 466w\" sizes=\"(max-width: 300px) 100vw, 300px\" \/>\t\t\t\t\t\t\t\t<\/a>\n\t\t\t\t\t\t\t\t\t\t\t<\/div>\n\t\t\t\t<\/div>\n\t\t\t\t<\/div>\n\t\t\t\t<div class=\"elementor-element elementor-element-24a9864 elementor-widget elementor-widget-image\" data-id=\"24a9864\" data-element_type=\"widget\" data-widget_type=\"image.default\">\n\t\t\t\t<div class=\"elementor-widget-container\">\n\t\t\t\t\t<div class=\"elementor-image\">\n\t\t\t\t\t\t\t\t\t\t\t<a data-elementor-open-lightbox=\"\" href=\"https:\/\/apps.apple.com\/pl\/app\/tw\u00f3j-parasol\/id1487388144\">\n\t\t\t\t\t\t\t<img width=\"300\" height=\"91\" src=\"https:\/\/twojparasol.com\/wp-content\/uploads\/2019\/11\/ios-300x91.png\" class=\"attachment-medium size-medium\" alt=\"\" decoding=\"async\" loading=\"lazy\" srcset=\"https:\/\/twojparasol.com\/wp-content\/uploads\/2019\/11\/ios-300x91.png 300w, https:\/\/twojparasol.com\/wp-content\/uploads\/2019\/11\/ios-230x70.png 230w, https:\/\/twojparasol.com\/wp-content\/uploads\/2019\/11\/ios-350x106.png 350w, https:\/\/twojparasol.com\/wp-content\/uploads\/2019\/11\/ios.png 464w\" sizes=\"(max-width: 300px) 100vw, 300px\" \/>\t\t\t\t\t\t\t\t<\/a>\n\t\t\t\t\t\t\t\t\t\t\t<\/div>\n\t\t\t\t<\/div>\n\t\t\t\t<\/div>\n\t\t\t\t<div class=\"elementor-element elementor-element-4a26a1f elementor-widget elementor-widget-heading\" data-id=\"4a26a1f\" data-element_type=\"widget\" data-widget_type=\"heading.default\">\n\t\t\t\t<div class=\"elementor-widget-container\">\n\t\t\t<h4 class=\"elementor-heading-title elementor-size-default\">Atlik\u0117jas:<\/h4>\t\t<\/div>\n\t\t\t\t<\/div>\n\t\t\t\t<div class=\"elementor-element elementor-element-044c6fc elementor-widget elementor-widget-image\" data-id=\"044c6fc\" data-element_type=\"widget\" data-widget_type=\"image.default\">\n\t\t\t\t<div class=\"elementor-widget-container\">\n\t\t\t\t\t<div class=\"elementor-image\">\n\t\t\t\t\t\t\t\t\t\t\t<a data-elementor-open-lightbox=\"\" href=\"http:\/\/commoditech.pl\/\">\n\t\t\t\t\t\t\t<img width=\"621\" height=\"96\" src=\"https:\/\/twojparasol.com\/wp-content\/uploads\/2019\/12\/commoditech_logo_color.jpg\" class=\"attachment-large size-large\" alt=\"\" decoding=\"async\" loading=\"lazy\" srcset=\"https:\/\/twojparasol.com\/wp-content\/uploads\/2019\/12\/commoditech_logo_color.jpg 621w, https:\/\/twojparasol.com\/wp-content\/uploads\/2019\/12\/commoditech_logo_color-300x46.jpg 300w, https:\/\/twojparasol.com\/wp-content\/uploads\/2019\/12\/commoditech_logo_color-230x36.jpg 230w, https:\/\/twojparasol.com\/wp-content\/uploads\/2019\/12\/commoditech_logo_color-350x54.jpg 350w, https:\/\/twojparasol.com\/wp-content\/uploads\/2019\/12\/commoditech_logo_color-480x74.jpg 480w\" sizes=\"(max-width: 621px) 100vw, 621px\" \/>\t\t\t\t\t\t\t\t<\/a>\n\t\t\t\t\t\t\t\t\t\t\t<\/div>\n\t\t\t\t<\/div>\n\t\t\t\t<\/div>\n\t\t\t\t<div class=\"elementor-element elementor-element-19305e7 elementor-widget elementor-widget-image\" data-id=\"19305e7\" data-element_type=\"widget\" data-widget_type=\"image.default\">\n\t\t\t\t<div class=\"elementor-widget-container\">\n\t\t\t\t\t<div class=\"elementor-image\">\n\t\t\t\t\t\t\t\t\t\t\t<a data-elementor-open-lightbox=\"\" href=\"https:\/\/www.twojpsychologursynow.pl\/\">\n\t\t\t\t\t\t\t<img decoding=\"async\" src=\"https:\/\/twojparasol.com\/wp-content\/uploads\/elementor\/thumbs\/krzesla-Copy-oi2tus24kjae1r44biyh3zvqhi2yhngqdbxu4c6da4.png\" title=\"krzesla &#8211; Copy\" alt=\"krzesla - Copy\" \/>\t\t\t\t\t\t\t\t<\/a>\n\t\t\t\t\t\t\t\t\t\t\t<\/div>\n\t\t\t\t<\/div>\n\t\t\t\t<\/div>\n\t\t\t\t<div class=\"elementor-element elementor-element-8ad3b60 elementor-widget elementor-widget-image\" data-id=\"8ad3b60\" data-element_type=\"widget\" data-widget_type=\"image.default\">\n\t\t\t\t<div class=\"elementor-widget-container\">\n\t\t\t\t\t<div class=\"elementor-image\">\n\t\t\t\t\t\t\t\t\t\t\t<a data-elementor-open-lightbox=\"\" href=\"https:\/\/twojpsychologzoliborz.pl\/\">\n\t\t\t\t\t\t\t<img decoding=\"async\" src=\"https:\/\/twojparasol.com\/wp-content\/uploads\/elementor\/thumbs\/Tw\u00f3j-Psycholog-\u017boliborz-oi2tt4ualz1bqbi4xbcz8wtp286u0pxn56u8vwm64q.png\" title=\"Tw\u00f3j Psycholog \u017boliborz\" alt=\"Tw\u00f3j Psycholog \u017boliborz\" \/>\t\t\t\t\t\t\t\t<\/a>\n\t\t\t\t\t\t\t\t\t\t\t<\/div>\n\t\t\t\t<\/div>\n\t\t\t\t<\/div>\n\t\t\t\t<div class=\"elementor-element elementor-element-f7d099e elementor-widget elementor-widget-heading\" data-id=\"f7d099e\" data-element_type=\"widget\" data-widget_type=\"heading.default\">\n\t\t\t\t<div class=\"elementor-widget-container\">\n\t\t\t<h4 class=\"elementor-heading-title elementor-size-default\">Partneriai:<\/h4>\t\t<\/div>\n\t\t\t\t<\/div>\n\t\t\t\t<section class=\"elementor-element elementor-element-d5051fa elementor-section-boxed elementor-section-height-default elementor-section-height-default elementor-section elementor-inner-section\" data-id=\"d5051fa\" data-element_type=\"section\">\n\t\t\t\t\t\t<div class=\"elementor-container elementor-column-gap-default\">\n\t\t\t\t<div class=\"elementor-row\">\n\t\t\t\t<div class=\"elementor-element elementor-element-1542d15 elementor-column elementor-col-50 elementor-inner-column\" data-id=\"1542d15\" data-element_type=\"column\">\n\t\t\t<div class=\"elementor-column-wrap  elementor-element-populated\">\n\t\t\t\t\t<div class=\"elementor-widget-wrap\">\n\t\t\t\t<div class=\"elementor-element elementor-element-f6b9385 elementor-widget elementor-widget-image\" data-id=\"f6b9385\" data-element_type=\"widget\" data-widget_type=\"image.default\">\n\t\t\t\t<div class=\"elementor-widget-container\">\n\t\t\t\t\t<div class=\"elementor-image\">\n\t\t\t\t\t\t\t\t\t\t<img decoding=\"async\" src=\"https:\/\/twojparasol.com\/wp-content\/uploads\/elementor\/thumbs\/Policja_Warszawska-ohopn4yf3mej6vzsmn10g7kki5qqhkqi8j4h1qkzr4.png\" title=\"Policja_Warszawska\" alt=\"Policja_Warszawska\" \/>\t\t\t\t\t\t\t\t\t\t\t<\/div>\n\t\t\t\t<\/div>\n\t\t\t\t<\/div>\n\t\t\t\t\t\t<\/div>\n\t\t\t<\/div>\n\t\t<\/div>\n\t\t\t\t<div class=\"elementor-element elementor-element-89e4969 elementor-column elementor-col-50 elementor-inner-column\" data-id=\"89e4969\" data-element_type=\"column\">\n\t\t\t<div class=\"elementor-column-wrap  elementor-element-populated\">\n\t\t\t\t\t<div class=\"elementor-widget-wrap\">\n\t\t\t\t<div class=\"elementor-element elementor-element-6fd7188 elementor-widget elementor-widget-image\" data-id=\"6fd7188\" data-element_type=\"widget\" data-widget_type=\"image.default\">\n\t\t\t\t<div class=\"elementor-widget-container\">\n\t\t\t\t\t<div class=\"elementor-image\">\n\t\t\t\t\t\t\t\t\t\t<img decoding=\"async\" src=\"https:\/\/twojparasol.com\/wp-content\/uploads\/elementor\/thumbs\/logo-Wilno-ohopp85iad9gzoykfjj5zolg0zg3ld116vbbfvhhxc.png\" title=\"logo Wilno\" alt=\"logo Wilno\" \/>\t\t\t\t\t\t\t\t\t\t\t<\/div>\n\t\t\t\t<\/div>\n\t\t\t\t<\/div>\n\t\t\t\t\t\t<\/div>\n\t\t\t<\/div>\n\t\t<\/div>\n\t\t\t\t\t\t<\/div>\n\t\t\t<\/div>\n\t\t<\/section>\n\t\t\t\t<section class=\"elementor-element elementor-element-6a0eaca elementor-section-boxed elementor-section-height-default elementor-section-height-default elementor-section elementor-inner-section\" data-id=\"6a0eaca\" data-element_type=\"section\">\n\t\t\t\t\t\t<div class=\"elementor-container elementor-column-gap-default\">\n\t\t\t\t<div class=\"elementor-row\">\n\t\t\t\t<div class=\"elementor-element elementor-element-7aab0a8 elementor-column elementor-col-50 elementor-inner-column\" data-id=\"7aab0a8\" data-element_type=\"column\">\n\t\t\t<div class=\"elementor-column-wrap  elementor-element-populated\">\n\t\t\t\t\t<div class=\"elementor-widget-wrap\">\n\t\t\t\t<div class=\"elementor-element elementor-element-d8f6dea elementor-widget elementor-widget-image\" data-id=\"d8f6dea\" data-element_type=\"widget\" data-widget_type=\"image.default\">\n\t\t\t\t<div class=\"elementor-widget-container\">\n\t\t\t\t\t<div class=\"elementor-image\">\n\t\t\t\t\t\t\t\t\t\t<img decoding=\"async\" src=\"https:\/\/twojparasol.com\/wp-content\/uploads\/elementor\/thumbs\/logo_Riga-ohopq0cpbmywfana6bkumjdg55mnq9bo21uc57hq62.png\" title=\"logo_Riga\" alt=\"logo_Riga\" \/>\t\t\t\t\t\t\t\t\t\t\t<\/div>\n\t\t\t\t<\/div>\n\t\t\t\t<\/div>\n\t\t\t\t\t\t<\/div>\n\t\t\t<\/div>\n\t\t<\/div>\n\t\t\t\t<div class=\"elementor-element elementor-element-f0d7b5c elementor-column elementor-col-50 elementor-inner-column\" data-id=\"f0d7b5c\" data-element_type=\"column\">\n\t\t\t<div class=\"elementor-column-wrap  elementor-element-populated\">\n\t\t\t\t\t<div class=\"elementor-widget-wrap\">\n\t\t\t\t<div class=\"elementor-element elementor-element-80aa9e5 elementor-widget elementor-widget-image\" data-id=\"80aa9e5\" data-element_type=\"widget\" data-widget_type=\"image.default\">\n\t\t\t\t<div class=\"elementor-widget-container\">\n\t\t\t\t\t<div class=\"elementor-image\">\n\t\t\t\t\t\t\t\t\t\t<img decoding=\"async\" src=\"https:\/\/twojparasol.com\/wp-content\/uploads\/elementor\/thumbs\/polizei_berlin-ohopqlyzotshubrvo2x9pvx1t0o3napht0ui6klo78.jpg\" title=\"polizei_berlin\" alt=\"polizei_berlin\" \/>\t\t\t\t\t\t\t\t\t\t\t<\/div>\n\t\t\t\t<\/div>\n\t\t\t\t<\/div>\n\t\t\t\t\t\t<\/div>\n\t\t\t<\/div>\n\t\t<\/div>\n\t\t\t\t\t\t<\/div>\n\t\t\t<\/div>\n\t\t<\/section>\n\t\t\t\t\t\t<\/div>\n\t\t\t<\/div>\n\t\t<\/div>\n\t\t\t\t\t\t<\/div>\n\t\t\t<\/div>\n\t\t<\/section>\n\t\t\t\t\t\t<\/div>\n\t\t\t<\/div>\n\t\t<\/div>\n\t\t","protected":false},"excerpt":{"rendered":"<p>J\u016bs\u0173 sk\u0117tis yra mobilioji programa, kurios d\u0117ka \u017emon\u0117s, susid\u016br\u0119 su smurtu \u0161eimoje, gali gauti palaikym\u0105 ir informacij\u0105. Be mokomosios med\u017eiagos, programa suteikia prieig\u0105 prie param\u0105 teikian\u010di\u0173 organizacij\u0173 duomen\u0173 bazi\u0173. Programa taip pat leid\u017eia si\u0173sti informacij\u0105 apie smurtinius \u012fvykius, kad b\u016bt\u0173 galima v\u0117liau naudoti, ir galimyb\u0117 susisiekti su anks\u010diau sukonfig\u016bruotu el. Pa\u0161to adresu arba galimyb\u0117 greitai [&hellip;]<\/p>\n","protected":false},"author":1,"featured_media":0,"parent":0,"menu_order":0,"comment_status":"closed","ping_status":"closed","template":"page-templates\/page_fullwidth.php","meta":[],"_links":{"self":[{"href":"https:\/\/twojparasol.com\/index.php?rest_route=\/wp\/v2\/pages\/162"}],"collection":[{"href":"https:\/\/twojparasol.com\/index.php?rest_route=\/wp\/v2\/pages"}],"about":[{"href":"https:\/\/twojparasol.com\/index.php?rest_route=\/wp\/v2\/types\/page"}],"author":[{"embeddable":true,"href":"https:\/\/twojparasol.com\/index.php?rest_route=\/wp\/v2\/users\/1"}],"replies":[{"embeddable":true,"href":"https:\/\/twojparasol.com\/index.php?rest_route=%2Fwp%2Fv2%2Fcomments&post=162"}],"version-history":[{"count":4,"href":"https:\/\/twojparasol.com\/index.php?rest_route=\/wp\/v2\/pages\/162\/revisions"}],"predecessor-version":[{"id":172,"href":"https:\/\/twojparasol.com\/index.php?rest_route=\/wp\/v2\/pages\/162\/revisions\/172"}],"wp:attachment":[{"href":"https:\/\/twojparasol.com\/index.php?rest_route=%2Fwp%2Fv2%2Fmedia&parent=162"}],"curies":[{"name":"wp","href":"https:\/\/api.w.org\/{rel}","templated":true}]}}